{"id":299,"date":"2025-09-26T16:32:10","date_gmt":"2025-09-26T14:32:10","guid":{"rendered":"http:\/\/porziemsky-mp.fr\/WP\/cookie-policy\/"},"modified":"2025-09-26T16:37:50","modified_gmt":"2025-09-26T14:37:50","slug":"cookie-policy","status":"publish","type":"page","link":"https:\/\/porziemsky-mp.fr\/WP\/cookie-policy\/","title":{"rendered":"Cookie Policy"},"content":{"rendered":"\n<h2 class=\"wp-block-heading\">Les cookies<\/h2>\n\n\n\n<p><span class=\"HwtZe\" lang=\"fr\"><span class=\"jCAhz ChMk0b\"><span class=\"ryNqvb\">Cette page fournit des informations compl\u00e8tes sur la mani\u00e8re dont nous utilisons les cookies sur notre site web afin d&rsquo;am\u00e9liorer votre exp\u00e9rience de navigation, les performances du site et de vous proposer un contenu personnalis\u00e9.<\/span><\/span> <span class=\"jCAhz ChMk0b\"><span class=\"ryNqvb\">Les cookies sont de petits fichiers texte stock\u00e9s sur votre appareil lorsque vous visitez notre site.<\/span><\/span> <span class=\"jCAhz ChMk0b\"><span class=\"ryNqvb\">Ils nous aident \u00e0 comprendre comment nos visiteurs interagissent avec notre site web, nous permettant ainsi de vous offrir une exp\u00e9rience utilisateur plus fluide et plus efficace.<\/span><\/span> <span class=\"jCAhz ChMk0b\"><span class=\"ryNqvb\">Le tableau ci-dessous pr\u00e9sente des informations d\u00e9taill\u00e9es sur chaque type de cookie que nous utilisons, leur finalit\u00e9 et leur dur\u00e9e de conservation sur votre appareil.<\/span><\/span> <span class=\"jCAhz ChMk0b\"><span class=\"ryNqvb\">Nous nous engageons \u00e0 respecter votre vie priv\u00e9e et \u00e0 faire preuve de transparence sur les donn\u00e9es que nous collectons gr\u00e2ce aux cookies.<\/span><\/span> <span class=\"jCAhz ChMk0b\"><span class=\"ryNqvb\">Pour plus d&rsquo;informations sur la gestion de vos donn\u00e9es personnelles, veuillez consulter notre Politique de confidentialit\u00e9.<\/span><\/span><\/span><\/p>\n\n\n<div class=\"wpconsent-cookie-policy\"><h2 class=\"wpconsent-cookie-category-name\">Essentiels<\/h2><p class=\"wpconsent-cookie-category-description\">Les cookies essentiels permettent des fonctions de base et sont n\u00e9cessaires au bon fonctionnement du site Web.<\/p><table class=\"wpconsent-cookie-policy-table\"><tr><th>Cookie ID<\/th><th>Purpose<\/th><th>Duration<\/th><\/tr><tr><td>wpconsent_preferences<\/td><td>Ce cookie est utilis\u00e9 pour stocker les pr\u00e9f\u00e9rences de consentement aux cookies de l&#039;utilisateur.<\/td><td>30 days<\/td><\/tr><\/table><h3 class=\"wpconsent-cookie-service-name\">Comments<\/h3><p class=\"wpconsent-cookie-service-description\">Ces cookies sont n\u00e9cessaires pour ajouter des commentaires sur ce site.<\/p><table class=\"wpconsent-cookie-policy-table\"><tr><th>Cookie ID<\/th><th>Purpose<\/th><th>Duration<\/th><\/tr><tr><td>comment_author<\/td><td>Utilis\u00e9 pour suivre l&#039;utilisateur sur plusieurs sessions.<\/td><td>Session<\/td><\/tr><tr><td>comment_author_email<\/td><td>Utilis\u00e9 pour suivre l&#039;utilisateur sur plusieurs sessions.<\/td><td>Session<\/td><\/tr><tr><td>comment_author_url<\/td><td>Utilis\u00e9 pour suivre l&#039;utilisateur sur plusieurs sessions.<\/td><td>Session<\/td><\/tr><\/table><\/div>\n","protected":false},"excerpt":{"rendered":"<p>Les cookies Cette page fournit des informations compl\u00e8tes sur la mani\u00e8re dont nous utilisons les cookies sur notre site web afin d&rsquo;am\u00e9liorer votre exp\u00e9rience de navigation, les performances du site et de vous proposer un contenu personnalis\u00e9. Les cookies sont de petits fichiers texte stock\u00e9s sur votre appareil lorsque vous visitez notre site. Ils nous [&hellip;]<\/p>\n","protected":false},"author":1,"featured_media":0,"parent":0,"menu_order":0,"comment_status":"closed","ping_status":"closed","template":"","meta":{"ocean_post_layout":"","ocean_both_sidebars_style":"","ocean_both_sidebars_content_width":0,"ocean_both_sidebars_sidebars_width":0,"ocean_sidebar":"","ocean_second_sidebar":"","ocean_disable_margins":"enable","ocean_add_body_class":"","ocean_shortcode_before_top_bar":"","ocean_shortcode_after_top_bar":"","ocean_shortcode_before_header":"","ocean_shortcode_after_header":"","ocean_has_shortcode":"","ocean_shortcode_after_title":"","ocean_shortcode_before_footer_widgets":"","ocean_shortcode_after_footer_widgets":"","ocean_shortcode_before_footer_bottom":"","ocean_shortcode_after_footer_bottom":"","ocean_display_top_bar":"default","ocean_display_header":"default","ocean_header_style":"","ocean_center_header_left_menu":"","ocean_custom_header_template":"","ocean_custom_logo":0,"ocean_custom_retina_logo":0,"ocean_custom_logo_max_width":0,"ocean_custom_logo_tablet_max_width":0,"ocean_custom_logo_mobile_max_width":0,"ocean_custom_logo_max_height":0,"ocean_custom_logo_tablet_max_height":0,"ocean_custom_logo_mobile_max_height":0,"ocean_header_custom_menu":"","ocean_menu_typo_font_family":"","ocean_menu_typo_font_subset":"","ocean_menu_typo_font_size":0,"ocean_menu_typo_font_size_tablet":0,"ocean_menu_typo_font_size_mobile":0,"ocean_menu_typo_font_size_unit":"px","ocean_menu_typo_font_weight":"","ocean_menu_typo_font_weight_tablet":"","ocean_menu_typo_font_weight_mobile":"","ocean_menu_typo_transform":"","ocean_menu_typo_transform_tablet":"","ocean_menu_typo_transform_mobile":"","ocean_menu_typo_line_height":0,"ocean_menu_typo_line_height_tablet":0,"ocean_menu_typo_line_height_mobile":0,"ocean_menu_typo_line_height_unit":"","ocean_menu_typo_spacing":0,"ocean_menu_typo_spacing_tablet":0,"ocean_menu_typo_spacing_mobile":0,"ocean_menu_typo_spacing_unit":"","ocean_menu_link_color":"","ocean_menu_link_color_hover":"","ocean_menu_link_color_active":"","ocean_menu_link_background":"","ocean_menu_link_hover_background":"","ocean_menu_link_active_background":"","ocean_menu_social_links_bg":"","ocean_menu_social_hover_links_bg":"","ocean_menu_social_links_color":"","ocean_menu_social_hover_links_color":"","ocean_disable_title":"default","ocean_disable_heading":"default","ocean_post_title":"","ocean_post_subheading":"","ocean_post_title_style":"","ocean_post_title_background_color":"","ocean_post_title_background":0,"ocean_post_title_bg_image_position":"","ocean_post_title_bg_image_attachment":"","ocean_post_title_bg_image_repeat":"","ocean_post_title_bg_image_size":"","ocean_post_title_height":0,"ocean_post_title_bg_overlay":0.5,"ocean_post_title_bg_overlay_color":"","ocean_disable_breadcrumbs":"default","ocean_breadcrumbs_color":"","ocean_breadcrumbs_separator_color":"","ocean_breadcrumbs_links_color":"","ocean_breadcrumbs_links_hover_color":"","ocean_display_footer_widgets":"default","ocean_display_footer_bottom":"default","ocean_custom_footer_template":"","footnotes":""},"class_list":["post-299","page","type-page","status-publish","hentry","entry"],"_links":{"self":[{"href":"https:\/\/porziemsky-mp.fr\/WP\/wp-json\/wp\/v2\/pages\/299","targetHints":{"allow":["GET"]}}],"collection":[{"href":"https:\/\/porziemsky-mp.fr\/WP\/wp-json\/wp\/v2\/pages"}],"about":[{"href":"https:\/\/porziemsky-mp.fr\/WP\/wp-json\/wp\/v2\/types\/page"}],"author":[{"embeddable":true,"href":"https:\/\/porziemsky-mp.fr\/WP\/wp-json\/wp\/v2\/users\/1"}],"replies":[{"embeddable":true,"href":"https:\/\/porziemsky-mp.fr\/WP\/wp-json\/wp\/v2\/comments?post=299"}],"version-history":[{"count":1,"href":"https:\/\/porziemsky-mp.fr\/WP\/wp-json\/wp\/v2\/pages\/299\/revisions"}],"predecessor-version":[{"id":301,"href":"https:\/\/porziemsky-mp.fr\/WP\/wp-json\/wp\/v2\/pages\/299\/revisions\/301"}],"wp:attachment":[{"href":"https:\/\/porziemsky-mp.fr\/WP\/wp-json\/wp\/v2\/media?parent=299"}],"curies":[{"name":"wp","href":"https:\/\/api.w.org\/{rel}","templated":true}]}}